{"id":112,"date":"2023-10-15T21:12:05","date_gmt":"2023-10-15T21:12:05","guid":{"rendered":"https:\/\/fixcenter.pro\/?page_id=112"},"modified":"2023-11-03T10:08:53","modified_gmt":"2023-11-03T10:08:53","slug":"uslugi","status":"publish","type":"page","link":"https:\/\/fixcenter.pro\/lv\/uslugi\/","title":{"rendered":"Pakalpojumi"},"content":{"rendered":"<p>Uzticams datoru remonts ir j\u016bsu ce\u013c\u0161 uz tehnolo\u0123isko br\u012bv\u012bbu!<\/p>\n\n\n\n<p>Pasaul\u0113, kur\u0101 m\u016bsu datori ir k\u013cuvu\u0161i par uzticamiem ikdienas dz\u012bves pavado\u0146iem, ir svar\u012bgi zin\u0101t, ka ir profesion\u0101\u013cu komanda, kas ir gatava atrisin\u0101t jebkuras probl\u0113mas ar j\u016bsu apr\u012bkojumu. M\u0113s esam j\u016bsu uzticamais partneris datoru remonta jom\u0101.<\/p>\n\n\n\n<p>K\u0101p\u0113c izv\u0113l\u0113ties m\u016bs:<\/p>\n\n\n\n<ol class=\"wp-block-list\">\n<li><strong>Pieredze un zin\u0101\u0161anas<\/strong>: M\u016bsu speci\u0101listiem ir padzi\u013cin\u0101tas zin\u0101\u0161anas un pla\u0161a pieredze datoru remonta jom\u0101. M\u0113s zin\u0101m visu no A l\u012bdz Z.<\/li>\n\n\n\n<li><strong>\u0100trs remonts<\/strong>: M\u0113s saprotam, cik svar\u012bgs jums ir j\u016bsu dators, un garant\u0113jam \u0101tru remontu, lai j\u016bs p\u0113c iesp\u0113jas \u0101tr\u0101k var\u0113tu atgriezties pie darba.<\/li>\n\n\n\n<li><strong>P\u0101rredzama cenu politika<\/strong>: Mums nav sl\u0113pt\u0101s maksas. J\u016bs vienm\u0113r uzzin\u0101siet, cik izmaks\u0101s remonts, pirms darbs tiek s\u0101kts.<\/li>\n\n\n\n<li><strong>Kvalit\u0101tes nodro\u0161in\u0101\u0161ana<\/strong>: M\u0113s esam apmierin\u0101ti ar savu darbu un visiem m\u016bsu veiktajiem remontdarbiem sniedzam garantiju.<\/li>\n\n\n\n<li><strong>Individualiz\u0113ta pieeja<\/strong>: M\u0113s saprotam, ka katra situ\u0101cija ir unik\u0101la, t\u0101p\u0113c pied\u0101v\u0101jam \u012bpa\u0161i jums piel\u0101gotus risin\u0101jumus.<\/li>\n<\/ol>\n\n\n\n<p>Neatst\u0101jiet datora probl\u0113mu bez uzman\u012bbas. Rakstiet mums jau tagad, un m\u0113s par\u016bp\u0113simies, lai j\u016bsu iek\u0101rta darbotos nevainojami!<\/p>\n\n\n\n<p>Apmekl\u0113jiet m\u016bsu t\u012bmek\u013ca vietni, lai uzzin\u0101tu vair\u0101k par m\u016bsu pakalpojumiem un nos\u016bt\u012btu remonta piepras\u012bjumu. J\u016bsu dators ir peln\u012bjis tikai lab\u0101ko, un m\u0113s esam \u0161eit, lai nodro\u0161in\u0101tu t\u0101 uzticam\u012bbu un ilgm\u016b\u017e\u012bbu.<\/p>\n\n\n\n<h1 class=\"wp-block-heading\"><\/h1>","protected":false},"excerpt":{"rendered":"<p>Uzticams datoru remonts - j\u016bsu ce\u013c\u0161 uz neatkar\u012bbu no tehnisk\u0101m probl\u0113m\u0101m! Pasaul\u0113, kur\u0101 m\u016bsu datori ir k\u013cuvu\u0161i par uzticamiem ikdienas pavado\u0146iem, ir svar\u012bgi zin\u0101t, ka ir profesion\u0101\u013cu komanda, kas ir gatava atrisin\u0101t jebkuras probl\u0113mas ar j\u016bsu apr\u012bkojumu. M\u0113s esam j\u016bsu uzticams partneris datoru remonta jom\u0101. K\u0101p\u0113c izv\u0113l\u0113ties m\u016bs: Neatst\u0101jiet savu datora probl\u0113mu bez iev\u0113r\u012bbas. [...]<\/p>","protected":false},"author":2,"featured_media":0,"parent":0,"menu_order":0,"comment_status":"closed","ping_status":"closed","template":"page-services.php","meta":{"inline_featured_image":false,"footnotes":""},"class_list":["post-112","page","type-page","status-publish","hentry"],"acf":[],"_links":{"self":[{"href":"https:\/\/fixcenter.pro\/lv\/wp-json\/wp\/v2\/pages\/112","targetHints":{"allow":["GET"]}}],"collection":[{"href":"https:\/\/fixcenter.pro\/lv\/wp-json\/wp\/v2\/pages"}],"about":[{"href":"https:\/\/fixcenter.pro\/lv\/wp-json\/wp\/v2\/types\/page"}],"author":[{"embeddable":true,"href":"https:\/\/fixcenter.pro\/lv\/wp-json\/wp\/v2\/users\/2"}],"replies":[{"embeddable":true,"href":"https:\/\/fixcenter.pro\/lv\/wp-json\/wp\/v2\/comments?post=112"}],"version-history":[{"count":0,"href":"https:\/\/fixcenter.pro\/lv\/wp-json\/wp\/v2\/pages\/112\/revisions"}],"wp:attachment":[{"href":"https:\/\/fixcenter.pro\/lv\/wp-json\/wp\/v2\/media?parent=112"}],"curies":[{"name":"wp","href":"https:\/\/api.w.org\/{rel}","templated":true}]}}