{"id":129,"date":"2023-10-16T08:03:52","date_gmt":"2023-10-16T08:03:52","guid":{"rendered":"https:\/\/fixcenter.pro\/otsledit-status-zakaz\/"},"modified":"2023-10-19T08:10:18","modified_gmt":"2023-10-19T08:10:18","slug":"otsledit-status-zakaz","status":"publish","type":"page","link":"https:\/\/fixcenter.pro\/lv\/otsledit-status-zakaz\/","title":{"rendered":"Sekojiet pas\u016bt\u012bjuma statusam"},"content":{"rendered":"<div  class=\"ewd-otp-form ewd-otp-tracking-form-div\" >\r\n<div class=\"banner banner-order\">\r\n        <picture>\r\n            <source srcset=\"https:\/\/fixcenter.pro\/wp-content\/themes\/fixcenter\/assets\/images\/orderStatusD.png\" media=\"(min-width: 768px)\">\r\n            <source srcset=\"https:\/\/fixcenter.pro\/wp-content\/themes\/fixcenter\/assets\/images\/orderStatusM.png\" media=\"(min-width: 360px)\">\r\n            <img decoding=\"async\" src=\"https:\/\/fixcenter.pro\/wp-content\/themes\/fixcenter\/assets\/images\/orderStatusM.png\" alt=\"Banner Image\">\r\n        <\/picture>\r\n        <div class=\"banner-text\">\r\n            <h1>Sekojiet pas\u016bt\u012bjuma statusam<\/h1>\r\n            \r\n            <form action='#' method='post'  class='ewd-otp-tracking-form' data-trp-original-action=\"#\">\r\n            <div class=\"row\">\r\n            <input type='hidden' name='ewd_otp_form_type' value='order_form' \/>\r\n                \r\n                <div class=\"row-item\">\r\n\t<input type='text' name='ewd_otp_identifier_number' class='input' placeholder='J\u016bsu pas\u016bt\u012bjuma numurs' \/>\r\n<\/div>\t\r\n                \r\n               \r\n              \r\n                <!-- <div class='ewd-otp-form-submit'>\n\n\t<label for='ewd_otp_form_submit'><\/label>\n\n\t<input type='submit' class='ewd-otp-submit' name='ewd_otp_form_submit' value='Track' \/>\n\n<\/div> -->\n\n<div class=\"row-item centered\">\n    <div class=\"btn\">\n        <button type=\"submit\" class=\"btn-container gray ewd-otp-submit\">\n            <div class=\"btn-img\">\n                <img decoding=\"async\" src=\"https:\/\/fixcenter.pro\/wp-content\/themes\/fixcenter\/assets\/icons\/Search.svg\" alt=\"\">\n            <\/div>\n            <div class=\"btn-text black\">\n                Pas\u016bt\u012bjuma statuss            <\/div>\n        <\/button>\n    <\/div>\n<\/div>            \r\n            <\/div>\r\n            <input type=\"hidden\" name=\"trp-form-language\" value=\"lv\"\/><\/form>\r\n             \r\n        <\/div>\r\n <\/div>    \r\n\t<div class='ewd-otp-tracking-results status'>\r\n\t\t\t<\/div>\r\n\r\n\t\r\n\r\n\r\n<\/div>","protected":false},"excerpt":{"rendered":"","protected":false},"author":2,"featured_media":0,"parent":0,"menu_order":0,"comment_status":"closed","ping_status":"closed","template":"page-tracking.php","meta":{"inline_featured_image":false,"footnotes":""},"class_list":["post-129","page","type-page","status-publish","hentry"],"acf":[],"_links":{"self":[{"href":"https:\/\/fixcenter.pro\/lv\/wp-json\/wp\/v2\/pages\/129","targetHints":{"allow":["GET"]}}],"collection":[{"href":"https:\/\/fixcenter.pro\/lv\/wp-json\/wp\/v2\/pages"}],"about":[{"href":"https:\/\/fixcenter.pro\/lv\/wp-json\/wp\/v2\/types\/page"}],"author":[{"embeddable":true,"href":"https:\/\/fixcenter.pro\/lv\/wp-json\/wp\/v2\/users\/2"}],"replies":[{"embeddable":true,"href":"https:\/\/fixcenter.pro\/lv\/wp-json\/wp\/v2\/comments?post=129"}],"version-history":[{"count":0,"href":"https:\/\/fixcenter.pro\/lv\/wp-json\/wp\/v2\/pages\/129\/revisions"}],"wp:attachment":[{"href":"https:\/\/fixcenter.pro\/lv\/wp-json\/wp\/v2\/media?parent=129"}],"curies":[{"name":"wp","href":"https:\/\/api.w.org\/{rel}","templated":true}]}}