{"id":138,"date":"2023-10-17T13:28:41","date_gmt":"2023-10-17T13:28:41","guid":{"rendered":"https:\/\/fixcenter.pro\/?page_id=138"},"modified":"2023-11-22T15:17:44","modified_gmt":"2023-11-22T15:17:44","slug":"ostavit-zayavku-na-remont","status":"publish","type":"page","link":"https:\/\/fixcenter.pro\/lv\/ostavit-zayavku-na-remont\/","title":{"rendered":"Atst\u0101jiet remonta piepras\u012bjumu"},"content":{"rendered":"<div  class=\"ewd-otp-customer-order-form ewd-otp-form\">\n            <div class=\"banner banner-repairRequest\">\n            <picture>\n                <source srcset=\"https:\/\/fixcenter.pro\/wp-content\/themes\/fixcenter\/assets\/images\/repairRequestD.png\" media=\"(min-width: 768px)\">\n                <source srcset=\"https:\/\/fixcenter.pro\/wp-content\/themes\/fixcenter\/assets\/images\/repairRequestM.png\" media=\"(min-width: 360px)\">\n                <img decoding=\"async\" src=\"https:\/\/fixcenter.pro\/wp-content\/themes\/fixcenter\/assets\/images\/repairRequestM.png\" alt=\"Banner Image\">\n            <\/picture>\n            <div class=\"banner__wrap\">\n                <div class=\"banner-text\">\n                    <h1>Atst\u0101jiet remonta piepras\u012bjumu<\/h1>\n                    <p>Izv\u0113loties FixCenter, j\u016bs izv\u0113laties \u0101tru un kvalitat\u012bvu remontu.\n                        j\u016bs invest\u0113jat n\u0101kotn\u0113. Tas noz\u012bm\u0113, ka varat b\u016bt dro\u0161i.\n                        ka j\u016bsu ier\u012bces ir uzticamas un ilgm\u016b\u017e\u012bgas, un ka jums neb\u016bs\n                        nezaud\u0113siet v\u0113rt\u012bgu laiku, jo t\u0101 pietr\u016bks.<\/p>\n                <\/div>\n                <div class=\"banner-img\">\n                    <img decoding=\"async\" src=\"https:\/\/fixcenter.pro\/wp-content\/themes\/fixcenter\/assets\/images\/bannerImg.png\" alt=\"\">\n                <\/div>\n            <\/div>\n        <\/div>\n        <div class=\"request\">\n        <div class=\"request__wrap wrap\">\n                            <div class=\"request-title\">\n                    <p>L\u016bdzu, aizpildiet veidlapu<\/p>\n                <\/div>\n                        <div class=\"request-form\">\n                <form action='#' method='post' class='ewd-otp-customer-order-form' data-trp-original-action=\"#\">\n                    <input type='hidden' name='ewd_otp_form_type' value='customer_order_form' \/>\n                    <input type='hidden' name='ewd_otp_nonce' value='228da28d0d' \/>\n                    <input type='hidden' name='ewd_otp_location' value='' \/>\n                    <div>\n                        <label for=\"\">J\u016bsu v\u0101rds<\/label>\n                        <input name='ewd_otp_order_name' type='text' required \/>\n                    <\/div>\n                    <div>\n                        <label for=\"\">E-pasts<\/label>\n                        <input name='ewd_otp_order_email' type='email' required \/>\n                    <\/div>\n                                            \r\n\t<div class='ewd-otp-customer-order-form-field'>\r\n\r\n<label class='ewd-otp-customer-order-form-label'>\r\n\tT\u0101lrunis:\r\n<\/label>\r\n\r\n\r\n\t<input name='ewd_otp_custom_field_2' type='text'  \/>\r\n\r\n\r\n<\/div>\r\n                                            \r\n\r\n\r\n<div class='ewd-otp-customer-order-form-field'>\r\n\r\n\t<label class='ewd-otp-customer-order-form-label'>\r\n\t\tPakalpojums:\r\n\t<\/label>\r\n\t\r\n\r\n\t\t\r\n\t\t<select name='ewd_otp_custom_field_3' required id=\"myDropdown\" style=\"padding: 12px 16px !important;\" >\r\n                            <option value='\u0412\u043e\u0441\u0441\u0442\u0430\u043d\u043e\u0432\u043b\u0435\u043d\u0438\u0435 \u0434\u0430\u043d\u043d\u044b\u0445'>Datu atg\u016b\u0161ana<\/option>\r\n\t\t\t                <option value='\u0418\u043d\u0436\u0435\u043d\u0435\u0440\u043d\u044b\u0439 \u0421\u0435\u0440\u0432\u0438\u0441'>In\u017eenierpakalpojums<\/option>\r\n\t\t\t                <option value='\u0420\u0430\u0437\u0440\u0430\u0431\u043e\u0442\u043a\u0430 web-\u0441\u0430\u0439\u0442\u043e\u0432'>T\u012bmek\u013ca vietnes izstr\u0101de<\/option>\r\n\t\t\t                <option value='\u0420\u0435\u043c\u043e\u043d\u0442 \u0436\u0435\u0441\u0442\u043a\u0438\u0445 \u0434\u0438\u0441\u043a\u043e\u0432'>Ciet\u0101 diska remonts<\/option>\r\n\t\t\t                <option value='\u0420\u0435\u043c\u043e\u043d\u0442 \u043a\u043e\u043c\u043f\u044c\u044e\u0442\u0435\u0440\u043d\u043e\u0439 \u0442\u0435\u0445\u043d\u0438\u043a\u0438'>Datoru remonts<\/option>\r\n\t\t\t                <option value='\u0420\u0435\u043c\u043e\u043d\u0442 \u041c\u043e\u0431\u0438\u043b\u044c\u043d\u044b\u0445 \u0423\u0441\u0442\u0440\u043e\u0439\u0441\u0442\u0432'>Mobilo ier\u012b\u010du remonts<\/option>\r\n\t\t\t                <option value='\u0420\u0435\u043c\u043e\u043d\u0442 \u043f\u0440\u0438\u043d\u0442\u0435\u0440\u043e\u0432'>Printeru remonts<\/option>\r\n\t\t\t                <option value='\u0420\u0435\u043c\u043e\u043d\u0442 \u0441\u0435\u0440\u0432\u0435\u0440\u043e\u0432 NAS'>NAS servera remonts<\/option>\r\n\t\t\t                <option value='\u0420\u0435\u043c\u043e\u043d\u0442 \u0441\u0435\u0442\u0435\u0432\u043e\u0433\u043e \u043e\u0431\u043e\u0440\u0443\u0434\u043e\u0432\u0430\u043d\u0438\u044f'>T\u012bkla iek\u0101rtu remonts<\/option>\r\n\t\t\t                <option value='\u0420\u0435\u043c\u043e\u043d\u0442 \u0442\u0435\u0445\u043d\u0438\u043a\u0438 Apple'>Apple ier\u012b\u010du remonts<\/option>\r\n\t\t\t                <option value='\u0423\u0441\u0442\u0430\u043d\u043e\u0432\u043a\u0430\/\u043d\u0430\u0441\u0442\u0440\u043e\u0439\u043a\u0430 \u041f\u041e'>Programmat\u016bras instal\u0113\u0161ana\/konfigur\u0113\u0161ana<\/option>\r\n\t\t\t  \r\n\t\t<\/select>\r\n\t\t\r\n\r\n\t\r\n<\/div>\r\n                                                                                    <div>\n                        <label for=\"\">Boj\u0101juma apraksts<\/label>\n                        <textarea name=\"ewd_otp_customer_notes\" required id=\"\" cols=\"30\" rows=\"10\"><\/textarea>\n                    <\/div>\n                    <div class='ewd-otp-captcha-div'>\n\n\t<div id='ewd_otp_recaptcha'><\/div>\n\n<\/div>                    <button type=\"submit\">Nos\u016bt\u012bt piepras\u012bjumu<\/button>\n                <input type=\"hidden\" name=\"trp-form-language\" value=\"lv\"\/><\/form>\n            <\/div>\n        <\/div>\n    <\/div>\n<\/div>","protected":false},"excerpt":{"rendered":"","protected":false},"author":2,"featured_media":0,"parent":0,"menu_order":0,"comment_status":"closed","ping_status":"closed","template":"page-order.php","meta":{"inline_featured_image":false,"footnotes":""},"class_list":["post-138","page","type-page","status-publish","hentry"],"acf":[],"_links":{"self":[{"href":"https:\/\/fixcenter.pro\/lv\/wp-json\/wp\/v2\/pages\/138","targetHints":{"allow":["GET"]}}],"collection":[{"href":"https:\/\/fixcenter.pro\/lv\/wp-json\/wp\/v2\/pages"}],"about":[{"href":"https:\/\/fixcenter.pro\/lv\/wp-json\/wp\/v2\/types\/page"}],"author":[{"embeddable":true,"href":"https:\/\/fixcenter.pro\/lv\/wp-json\/wp\/v2\/users\/2"}],"replies":[{"embeddable":true,"href":"https:\/\/fixcenter.pro\/lv\/wp-json\/wp\/v2\/comments?post=138"}],"version-history":[{"count":0,"href":"https:\/\/fixcenter.pro\/lv\/wp-json\/wp\/v2\/pages\/138\/revisions"}],"wp:attachment":[{"href":"https:\/\/fixcenter.pro\/lv\/wp-json\/wp\/v2\/media?parent=138"}],"curies":[{"name":"wp","href":"https:\/\/api.w.org\/{rel}","templated":true}]}}