{"id":142,"date":"2023-10-17T14:26:30","date_gmt":"2023-10-17T14:26:30","guid":{"rendered":"https:\/\/fixcenter.pro\/?page_id=142"},"modified":"2023-10-28T15:11:47","modified_gmt":"2023-10-28T15:11:47","slug":"o-nas","status":"publish","type":"page","link":"https:\/\/fixcenter.pro\/lv\/o-nas\/","title":{"rendered":"Par mums"},"content":{"rendered":"<p><strong>Vispus\u012bgi risin\u0101jumi IT resursu optimiz\u0101cijai maziem un vid\u0113jiem uz\u0146\u0113mumiem.<\/strong><\/p>\n\n\n\n<p>1992. gads - uz\u0146\u0113mums re\u0123istr\u0113ts, uzs\u0101k savu darb\u012bbu b\u016bvniec\u012bbas, p\u0101rtikas un dz\u0113rienu tirdzniec\u012bbas jom\u0101.<\/p>\n\n\n\n<p>2003. gad\u0101 par uz\u0146\u0113muma galveno darb\u012bbas jomu k\u013cuva inform\u0101cijas tehnolo\u0123ijas - datortehnikas tirdzniec\u012bba, biroja tehnikas apkope un uz\u0146\u0113mumu IT infrastrukt\u016bras optimiz\u0101cijas jaut\u0101jumu risin\u0101\u0161ana.<\/p>\n\n\n\n<p>2005. gads - nosl\u0113gts pirmais past\u0101v\u012bgais pakalpojumu l\u012bgums ar k\u0101du ra\u017eo\u0161anas uz\u0146\u0113mumu. L\u012bgums joproj\u0101m ir sp\u0113k\u0101.<\/p>\n\n\n\n<p>2011. gads - pan\u0101kta vieno\u0161an\u0101s ar ACER, ASUS, DELL uz\u0146\u0113mumiem par servisa nodro\u0161in\u0101\u0161anu, izmantojot un p\u0101rdodot ori\u0123in\u0101l\u0101s rezerves da\u013cas.&nbsp;<\/p>\n\n\n\n<p>2012. gads - jauns uz\u0146\u0113muma pakalpojums - datu atjauno\u0161ana no datu nes\u0113jiem ar da\u017e\u0101das pak\u0101pes boj\u0101jumiem<\/p>\n\n\n\n<p>2014. gads - uz\u0146\u0113muma papildu darb\u012bbas joma - printeru remonts un k\u0101rtrid\u017eu uzpild\u012b\u0161ana.<\/p>\n\n\n\n<p>2016. gads - jauna biznesa virziena uzs\u0101k\u0161ana - mobilo ier\u012b\u010du - viedt\u0101lru\u0146u un plan\u0161etdatoru - remonts.<\/p>\n\n\n\n<p>Kop\u0161 2017. gada uz\u0146\u0113mums uzr\u0101da stabilu izaugsmi un poz\u012bciju nostiprin\u0101\u0161anos tirg\u016b<\/p>\n\n\n\n<ul class=\"wp-block-list\">\n<li>18 gadu pieredze IT, datoru remonta un diagnostikas jom\u0101<\/li>\n\n\n\n<li>16 gadus ilg\u0101kais datoru apkalpo\u0161anas l\u012bgums<\/li>\n\n\n\n<li>375 uz\u0146\u0113mumi - past\u0101v\u012bgie klienti<\/li>\n\n\n\n<li>Uz\u0146\u0113muma speci\u0101listu vair\u0101k nek\u0101 100 gadu kop\u012bg\u0101 pieredze<\/li>\n\n\n\n<li>75+ datoru remonts m\u0113nes\u012b<\/li>\n\n\n\n<li>80% jauni klienti k\u013c\u016bst par past\u0101v\u012bgiem klientiem<\/li>\n\n\n\n<li>10 gadi bez rekl\u0101mas, tikai p\u0113c ieteikuma<\/li>\n<\/ul>\n\n\n\n<p><\/p>\n\n\n\n<p><strong>Str\u0101d\u0101jot ar mums, j\u016bs sa\u0146emat:<\/strong><strong><\/strong><\/p>\n\n\n\n<ul class=\"wp-block-list\">\n<li>\u0100tra reakcija<\/li>\n\n\n\n<li>Jebkuras datora probl\u0113mas risin\u0101jums \"l\u012bdz atsl\u0113gai<\/li>\n\n\n\n<li>J\u016bsu vajadz\u012bb\u0101m optimiz\u0113ta un piel\u0101gota uz\u0146\u0113muma t\u012bkla un datoru infrastrukt\u016bra<\/li>\n\n\n\n<li>Ietaup\u012bts laiks l\u0113mumu pie\u0146em\u0161anai<\/li>\n\n\n\n<li>Garant\u0113ts rezult\u0101ts<\/li>\n<\/ul>\n\n\n\n<p><\/p>\n\n\n\n<p><strong>M\u016bsu klienti<\/strong><\/p>\n\n\n\n<ul class=\"wp-block-list\">\n<li>Pragmatiski un t\u0101lredz\u012bgi uz\u0146\u0113m\u0113ji, kuri uztic probl\u0113mu risin\u0101\u0161anu profesion\u0101\u013ciem.<\/li>\n\n\n\n<li>Profesion\u0101\u013ci, kuri sav\u0101 darb\u0101 izmanto datortehniku un programmat\u016bru, tostarp:<\/li>\n\n\n\n<li><span style=\"color: initial;\">Gr\u0101matve\u017ei<\/span><\/li>\n\n\n\n<li><span style=\"color: initial;\">Arhitekti, dizaineriFotogr\u0101fi<\/span><\/li>\n\n\n\n<li>Un citi \u0101r\u0161tata darbinieki<\/li>\n\n\n\n<li>Personas, kas izmanto datortehnolo\u0123ijas m\u0101c\u012bb\u0101m vai izklaidei.<\/li>\n<\/ul>\n\n\n\n<p><\/p>\n\n\n\n<p><strong>Sertifik\u0101ti<\/strong><\/p>\n\n\n\n<p>Gandr\u012bz 20 gadu ilgaj\u0101 v\u0113stur\u0113 m\u016bsu tehni\u0137i ir ieguvu\u0161i daudzus sertifik\u0101tus un papildu apm\u0101c\u012bbu.<\/p>\n\n\n\n<p>Lai nov\u0113rt\u0113tu savas programmat\u016bras efektivit\u0101ti, iesak\u0101m aizpild\u012bt zem\u0101k redzamo veidlapu un sa\u0146emt bezmaksas p\u0101rbaudes sarakstu sav\u0101 pastkast\u012bt\u0113.<\/p>","protected":false},"excerpt":{"rendered":"<p>Vispus\u012bgi risin\u0101jumi IT resursu optimiz\u0101cijai maziem un vid\u0113jiem uz\u0146\u0113mumiem. 1992. gads - uz\u0146\u0113mums ir re\u0123istr\u0113ts, savu ce\u013cu s\u0101ka b\u016bvniec\u012bbas nozar\u0113, p\u0101rtikas un dz\u0113rienu tirdzniec\u012bb\u0101 2003. gads - par uz\u0146\u0113muma galveno darb\u012bbas jomu k\u013cuva inform\u0101cijas tehnolo\u0123ijas - datortehnikas p\u0101rdo\u0161ana, biroja tehnikas apkope un risin\u0101jumi uz\u0146\u0113mumu IT infrastrukt\u016bras optimiz\u0101cijai [...].<\/p>","protected":false},"author":2,"featured_media":0,"parent":0,"menu_order":0,"comment_status":"closed","ping_status":"closed","template":"","meta":{"inline_featured_image":false,"footnotes":""},"class_list":["post-142","page","type-page","status-publish","hentry"],"acf":[],"_links":{"self":[{"href":"https:\/\/fixcenter.pro\/lv\/wp-json\/wp\/v2\/pages\/142","targetHints":{"allow":["GET"]}}],"collection":[{"href":"https:\/\/fixcenter.pro\/lv\/wp-json\/wp\/v2\/pages"}],"about":[{"href":"https:\/\/fixcenter.pro\/lv\/wp-json\/wp\/v2\/types\/page"}],"author":[{"embeddable":true,"href":"https:\/\/fixcenter.pro\/lv\/wp-json\/wp\/v2\/users\/2"}],"replies":[{"embeddable":true,"href":"https:\/\/fixcenter.pro\/lv\/wp-json\/wp\/v2\/comments?post=142"}],"version-history":[{"count":0,"href":"https:\/\/fixcenter.pro\/lv\/wp-json\/wp\/v2\/pages\/142\/revisions"}],"wp:attachment":[{"href":"https:\/\/fixcenter.pro\/lv\/wp-json\/wp\/v2\/media?parent=142"}],"curies":[{"name":"wp","href":"https:\/\/api.w.org\/{rel}","templated":true}]}}