{"id":74,"date":"2023-10-15T17:32:45","date_gmt":"2023-10-15T17:32:45","guid":{"rendered":"https:\/\/fixcenter.pro\/?page_id=74"},"modified":"2023-10-15T17:33:32","modified_gmt":"2023-10-15T17:33:32","slug":"74-2","status":"publish","type":"page","link":"https:\/\/fixcenter.pro\/lv\/74-2\/","title":{"rendered":"Konfidencialit\u0101tes politika"},"content":{"rendered":"<div class=\"policy__subtitle\">Visp\u0101r\u012bgi noteikumi<\/div>\n            <div class=\"policy__desc\">\n                <p>M\u0113s \u013coti cien\u0101m visu bez iz\u0146\u0113muma konfidenci\u0101lo (personisko) inform\u0101ciju.\n                    M\u0113s cien\u0101m visu to personu konfidenci\u0101lo (personisko) inform\u0101ciju, kuras apmekl\u0113 Vietni \/ un to personu konfidenci\u0101lo (personisko) inform\u0101ciju, kuras izmanto Vietnes sniegtos pakalpojumus; \u0161aj\u0101 sakar\u0101.\n                    t\u0101d\u0113\u013c cen\u0161amies aizsarg\u0101t personas datu konfidencialit\u0101ti (inform\u0101ciju vai inform\u0101cijas kopumu par personu, kas nav personas dati), k\u0101 ar\u012b aizsarg\u0101t personas datu konfidencialit\u0101ti (inform\u0101ciju vai inform\u0101cijas kopumu par\n                    fizisku personu, kas ir identific\u0113ta vai kuru var konkr\u0113ti identific\u0113t), t\u0101d\u0113j\u0101di\n                    rad\u012bt un nodro\u0161in\u0101t katram lietot\u0101jam p\u0113c iesp\u0113jas \u0113rt\u0101kus apst\u0101k\u013cus Vietnes pakalpojumu izmanto\u0161anai.\n                    lietot\u0101js.<\/p> <br>\n                <p>\u0160aj\u0101 Priv\u0101tuma un personas datu aizsardz\u012bbas politik\u0101 (turpm\u0101k tekst\u0101 - \"Politika\") ir noteikts.\n                    personas datu ievie\u0161anas un apstr\u0101des k\u0101rt\u012bbu, sav\u0101kto personas datu veidus, nol\u016bkus, k\u0101diem tiek v\u0101kti personas dati\n                    \u0161\u0101du personas datu izmanto\u0161ana, mijiedarb\u012bba ar tre\u0161aj\u0101m person\u0101m, dro\u0161\u012bbas pas\u0101kumi personas datu aizsardz\u012bbai, piek\u013cuves nosac\u012bjumi personas datiem, k\u0101 ar\u012b kontaktinform\u0101cija par Sabiedr\u012bbu.\n                    personas datu aizsardz\u012bba, piek\u013cuves nosac\u012bjumi personas datiem, k\u0101 ar\u012b lietot\u0101ja kontaktinform\u0101cija par piek\u013cuvi personas datiem, to groz\u012b\u0161anu, p\u0101rveido\u0161anu un apstr\u0101di.\n                    lietot\u0101js var piek\u013c\u016bt saviem personas datiem, main\u012bt, blo\u0137\u0113t vai dz\u0113st savus personas datus, k\u0101 ar\u012b sazin\u0101ties ar jebkuru no \u0161\u0101diem uz\u0146\u0113mumiem\n                    personas datiem, k\u0101 ar\u012b sazin\u0101ties ar jums, ja jums ir radu\u0161ies jaut\u0101jumi par personas datu aizsardz\u012bbas praksi.\n                    personas datu aizsardz\u012bbas praksi.<\/p>\n            <\/div>\n            <div class=\"policy__subtitle\">Piek\u013cuves nosac\u012bjumi personas datiem<\/div>\n            <div class=\"policy__desc\">\n                <p>Piek\u013cuves k\u0101rt\u012bbu tre\u0161o personu personas datiem nosaka lietot\u0101ja piekri\u0161anas nosac\u012bjumi,\n                    Piek\u013cuves k\u0101rt\u012bbu tre\u0161o personu personas datiem nosaka lietot\u0101ja personas datu apstr\u0101d\u0101t\u0101jam sniegt\u0101s piekri\u0161anas noteikumi vai ties\u012bbu aktos noteikt\u0101s pras\u012bbas.\n                    juridisk\u0101s pras\u012bbas.<\/p><br>\n                <p>Lietot\u0101jam ir ties\u012bbas ieg\u016bt jebk\u0101du inform\u0101ciju par sevi no jebkura attiec\u012bbu subjekta, kas saist\u012bts ar.\n                    personas datiem, ja ir nor\u0101d\u012bts piepras\u012bt\u0101ja uzv\u0101rds, v\u0101rds un t\u0113vv\u0101rds, dz\u012bvesvieta (uztur\u0113\u0161an\u0101s vieta) un inform\u0101cija par dokumentu, kas apliecina piepras\u012bjumu iesniegu\u0161\u0101s fizisk\u0101s personas identit\u0101ti.\n                    dz\u012bvesvieta (uztur\u0113\u0161an\u0101s vieta) un inform\u0101cija par dokumentu, kas apliecina fizisk\u0101s personas, kura iesniedz piepras\u012bjumu, iz\u0146emot gad\u012bjumus, kad\n                    likum\u0101 noteiktajos gad\u012bjumos.<\/p> <br>\n                <p>Lietot\u0101ja piek\u013cuve datiem par sevi ir bez maksas.<\/p> <br>\n                <p>Lietot\u0101ja piek\u013cuves vi\u0146a personas datiem atlik\u0161ana nav at\u013cauta.<\/p> <br>\n                <p>Piek\u013cuve tre\u0161o personu personas datiem tiek atlikta, ja piepras\u012btos datus nevar sniegt tr\u012bsdesmit kalend\u0101ro dienu laik\u0101 no piepras\u012bjuma iesnieg\u0161anas dienas.\n                    nevar sniegt tr\u012bsdesmit kalend\u0101ro dienu laik\u0101 no piepras\u012bjuma sa\u0146em\u0161anas dienas. \u0160aj\u0101 gad\u012bjum\u0101\n                    kop\u0113jais piepras\u012bjum\u0101 izvirz\u012bto jaut\u0101jumu risin\u0101\u0161anas termi\u0146\u0161 nedr\u012bkst p\u0101rsniegt \u010detrdesmit piecas kalend\u0101r\u0101s dienas.\n                <\/p> <br>\n                <p>Pazi\u0146ojumu par atlik\u0161anu rakstiski pazi\u0146o tre\u0161ajai personai, kas iesniegusi piepras\u012bjumu, un paskaidro \u0161\u0101da l\u0113muma p\u0101rs\u016bdz\u0113\u0161anas k\u0101rt\u012bbu.\n                    ar skaidrojumu par \u0161\u0101da l\u0113muma p\u0101rs\u016bdz\u0113\u0161anas proced\u016bru.<\/p> <br>\n                <p>L\u0113mumu aizkav\u0113t vai liegt piek\u013cuvi personas datiem var p\u0101rs\u016bdz\u0113t Ukrainas Augst\u0101k\u0101s Radas komis\u0101ram vai ties\u0101.\n                    Ukrainas Augst\u0101k\u0101s Radas Cilv\u0113kties\u012bbu komis\u0101ram vai ar tiesas starpniec\u012bbu.<\/p>\n            <\/div>\n            <div class=\"policy__subtitle\">Politikas mai\u0146a<\/div>\n            <div class=\"policy__desc\">\n                <p>\u0160\u012b Politika var tikt groz\u012bta un papildin\u0101ta laiku pa laikam un bez iepriek\u0161\u0113ja br\u012bdin\u0101juma Lietot\u0101jam, tostarp, ja main\u0101s juridisk\u0101s pras\u012bbas.\n                    \u0160\u012b Politika var tikt groz\u012bta laiku pa laikam un bez iepriek\u0161\u0113ja br\u012bdin\u0101juma, tostarp juridisko pras\u012bbu izmai\u0146u gad\u012bjum\u0101.\n                    B\u016btisku \u0161\u012bs Politikas izmai\u0146u gad\u012bjum\u0101 Vietn\u0113 tiks public\u0113ts pazi\u0146ojums un tiks nor\u0101d\u012bts \u0161\u0101du izmai\u0146u sp\u0113k\u0101 st\u0101\u0161an\u0101s datums.\n                    \u0161ie\n                    tiks public\u0113ts Vietn\u0113, un tiks nor\u0101d\u012bts \u0161o izmai\u0146u sp\u0113k\u0101 st\u0101\u0161an\u0101s datums. Ja nor\u0101d\u012btaj\u0101 termi\u0146\u0101 j\u016bs rakstiski neatteiksieties t\u0101s pie\u0146emt, jums par to tiks pazi\u0146ots rakstiski.\n                    rakstiski,\n                    tiks uzskat\u012bts, ka j\u016bs piekr\u012btat attiec\u012bgaj\u0101m Politikas izmai\u0146\u0101m. M\u0113s l\u016bdzam laiku pa laikam\n                    laiku pa laikam\n                    p\u0101rskat\u012bt Politiku, lai j\u016bs b\u016btu inform\u0113ts par jebk\u0101d\u0101m izmai\u0146\u0101m vai papildin\u0101jumiem.<\/p>\n            <\/div>","protected":false},"excerpt":{"rendered":"<p>Visp\u0101r\u012bgi noteikumi M\u0113s ar lielu cie\u0146u izturamies pret konfidenci\u0101lu (personisko) inform\u0101ciju par vis\u0101m bez iz\u0146\u0113muma person\u0101m, kuras apmekl\u0113 Vietni \/ k\u0101 ar\u012b t\u0101m, kuras izmanto Vietnes sniegtos pakalpojumus, t\u0101p\u0113c m\u0113s cen\u0161amies aizsarg\u0101t personas datu (inform\u0101cija vai inform\u0101cijas kopums par fizisku personu, kura ir identific\u0113ta vai kuru var \u012bpa\u0161i identific\u0113t) konfidencialit\u0101ti, t\u0101d\u0113j\u0101di radot un nodro\u0161inot maksim\u0101lu [...].<\/p>","protected":false},"author":2,"featured_media":0,"parent":0,"menu_order":0,"comment_status":"closed","ping_status":"closed","template":"","meta":{"inline_featured_image":false,"footnotes":""},"class_list":["post-74","page","type-page","status-publish","hentry"],"acf":[],"_links":{"self":[{"href":"https:\/\/fixcenter.pro\/lv\/wp-json\/wp\/v2\/pages\/74","targetHints":{"allow":["GET"]}}],"collection":[{"href":"https:\/\/fixcenter.pro\/lv\/wp-json\/wp\/v2\/pages"}],"about":[{"href":"https:\/\/fixcenter.pro\/lv\/wp-json\/wp\/v2\/types\/page"}],"author":[{"embeddable":true,"href":"https:\/\/fixcenter.pro\/lv\/wp-json\/wp\/v2\/users\/2"}],"replies":[{"embeddable":true,"href":"https:\/\/fixcenter.pro\/lv\/wp-json\/wp\/v2\/comments?post=74"}],"version-history":[{"count":0,"href":"https:\/\/fixcenter.pro\/lv\/wp-json\/wp\/v2\/pages\/74\/revisions"}],"wp:attachment":[{"href":"https:\/\/fixcenter.pro\/lv\/wp-json\/wp\/v2\/media?parent=74"}],"curies":[{"name":"wp","href":"https:\/\/api.w.org\/{rel}","templated":true}]}}